{"id":4684,"date":"2024-12-14T17:38:34","date_gmt":"2024-12-14T17:38:34","guid":{"rendered":"https:\/\/wiloutech.com\/blog\/?page_id=4684"},"modified":"2024-12-14T17:38:34","modified_gmt":"2024-12-14T17:38:34","slug":"demande-un-devis","status":"publish","type":"page","link":"https:\/\/wiloutech.com\/blog\/demande-un-devis\/","title":{"rendered":"Demande un Devis"},"content":{"rendered":"<div class=\"forminator-ui forminator-custom-form forminator-custom-form-2735 forminator-design--default  forminator_ajax\" data-forminator-render=\"0\" data-form=\"forminator-module-2735\" data-uid=\"69ea3f56d6832\"><br\/><\/div><form\n\t\t\t\tid=\"forminator-module-2735\"\n\t\t\t\tclass=\"forminator-ui forminator-custom-form forminator-custom-form-2735 forminator-design--default  forminator_ajax\"\n\t\t\t\tmethod=\"post\"\n\t\t\t\tdata-forminator-render=\"0\"\n\t\t\t\tdata-form-id=\"2735\"\n\t\t\t\t data-color-option=\"default\" data-design=\"default\" data-grid=\"open\" style=\"display: none;\"\n\t\t\t\tdata-uid=\"69ea3f56d6832\"\n\t\t\t><div role=\"alert\" aria-live=\"polite\" class=\"forminator-response-message forminator-error\" aria-hidden=\"true\"><\/div><div class=\"forminator-row\"><div id=\"name-1\" class=\"forminator-field-name forminator-col forminator-col-12 \"><div class=\"forminator-row forminator-no-margin\" data-multiple=\"true\"><div class=\"forminator-col forminator-col-md-6\"><div class=\"forminator-field\"><label for=\"forminator-field-2735__field--name-1_69ea3f56d6832\" id=\"forminator-field-2735__field--name-1_69ea3f56d6832-label\" class=\"forminator-label\">Pr\u00e9fixe<\/label><select name=\"name-1-prefix\" id=\"forminator-field-2735__field--name-1_69ea3f56d6832\" class=\"forminator-select2\" data-multi=\"1\" autocomplete=\"honorific-prefix\" aria-labelledby=\"forminator-field-2735__field--name-1_69ea3f56d6832-label\" data-default-value=\"\"><option value=\"Mr\" >M.<\/option><option value=\"Mrs\" >Mme<\/option><option value=\"Ms\" >Mme<\/option><option value=\"Mx\" >Mx<\/option><option value=\"Miss\" >Mlle<\/option><option value=\"Dr\" >Dr.<\/option><option value=\"Prof\" >Prof.<\/option><\/select><\/div><\/div><div class=\"forminator-col forminator-col-md-6\"><div class=\"forminator-field\"><label for=\"forminator-field-first-name-1_69ea3f56d6832\" id=\"forminator-field-first-name-1_69ea3f56d6832-label\" class=\"forminator-label\">Nom de la personne responsable <span class=\"forminator-required\">*<\/span><\/label><input type=\"text\" name=\"name-1-first-name\" placeholder=\"Par exemple\u00a0: Jean\" id=\"forminator-field-first-name-1_69ea3f56d6832\" class=\"forminator-input\" aria-required=\"true\" data-multi=\"1\" autocomplete=\"given-name\" value=\"\" \/><\/div><\/div><\/div><\/div><\/div><div class=\"forminator-row\"><div id=\"phone-1\" class=\"forminator-field-phone forminator-col forminator-col-12 \"><div class=\"forminator-field\"><label for=\"forminator-field-phone-1_69ea3f56d6832\" id=\"forminator-field-phone-1_69ea3f56d6832-label\" class=\"forminator-label\">Num\u00e9ro de t\u00e9l\u00e9phone de la personne responsable <span class=\"forminator-required\">*<\/span><\/label><input type=\"text\" name=\"phone-1\" value=\"\" placeholder=\"Par exemple\u00a0: +1 02 03 04 05\" id=\"forminator-field-phone-1_69ea3f56d6832\" class=\"forminator-input forminator-field--phone\" data-required=\"1\" aria-required=\"true\" autocomplete=\"off\" data-national_mode=\"disabled\" data-country=\"ca\" data-validation=\"international\" \/><\/div><\/div><\/div><div class=\"forminator-row\"><div id=\"email-1\" class=\"forminator-field-email forminator-col forminator-col-12 \"><div class=\"forminator-field\"><label for=\"forminator-field-email-1_69ea3f56d6832\" id=\"forminator-field-email-1_69ea3f56d6832-label\" class=\"forminator-label\">Adresse de messagerie <span class=\"forminator-required\">*<\/span><\/label><input type=\"email\" name=\"email-1\" value=\"\" placeholder=\"Par exemple\u00a0: jacques@martin.com\" id=\"forminator-field-email-1_69ea3f56d6832\" class=\"forminator-input forminator-email--field\" data-required=\"true\" aria-required=\"true\" autocomplete=\"email\" \/><\/div><\/div><\/div><div class=\"forminator-row\"><div id=\"text-1\" class=\"forminator-field-text forminator-col forminator-col-12 \"><div class=\"forminator-field\"><label for=\"forminator-field-text-1_69ea3f56d6832\" id=\"forminator-field-text-1_69ea3f56d6832-label\" class=\"forminator-label\">Nom de l&#039;entreprise<\/label><input type=\"text\" name=\"text-1\" value=\"\" placeholder=\"Par exemple\u00a0: texte indicatif\" id=\"forminator-field-text-1_69ea3f56d6832\" class=\"forminator-input forminator-name--field\" data-required=\"\" \/><\/div><\/div><\/div><div class=\"forminator-row\"><div id=\"checkbox-2\" class=\"forminator-field-checkbox forminator-col forminator-col-12 \"><div role=\"group\" class=\"forminator-field required\" aria-labelledby=\"forminator-checkbox-group-forminator-field-checkbox-2-69ea3f56d6832-label\"><span id=\"forminator-checkbox-group-forminator-field-checkbox-2-69ea3f56d6832-label\" class=\"forminator-label\">Quelle est l\u2019\u00e9tape de votre entreprise ? <span class=\"forminator-required\">*<\/span><\/span><label id=\"forminator-field-checkbox-2-1-69ea3f56d6832-label\" for=\"forminator-field-checkbox-2-1-69ea3f56d6832\" class=\"forminator-checkbox\" title=\"Je n&#039;ai pas encore ouvert l&#039;entreprise\"><input type=\"checkbox\" name=\"checkbox-2[]\" value=\"one\" id=\"forminator-field-checkbox-2-1-69ea3f56d6832\" aria-labelledby=\"forminator-field-checkbox-2-1-69ea3f56d6832-label\" data-calculation=\"0\"   data-hidden-behavior=\"zero\"\/><span class=\"forminator-checkbox-box\" aria-hidden=\"true\"><\/span><span class=\"forminator-checkbox-label\">Je n'ai pas encore ouvert l'entreprise<\/span><\/label><label id=\"forminator-field-checkbox-2-2-69ea3f56d6832-label\" for=\"forminator-field-checkbox-2-2-69ea3f56d6832\" class=\"forminator-checkbox\" title=\"J&#039;ai d\u00e9j\u00e0 ouvert l&#039;entreprise, mais je ne la vends pas encore\"><input type=\"checkbox\" name=\"checkbox-2[]\" value=\"two\" id=\"forminator-field-checkbox-2-2-69ea3f56d6832\" aria-labelledby=\"forminator-field-checkbox-2-2-69ea3f56d6832-label\" data-calculation=\"0\"   data-hidden-behavior=\"zero\"\/><span class=\"forminator-checkbox-box\" aria-hidden=\"true\"><\/span><span class=\"forminator-checkbox-label\">J'ai d\u00e9j\u00e0 ouvert l'entreprise, mais je ne la vends pas encore<\/span><\/label><label id=\"forminator-field-checkbox-2-3-69ea3f56d6832-label\" for=\"forminator-field-checkbox-2-3-69ea3f56d6832\" class=\"forminator-checkbox\" title=\"je vends d\u00e9j\u00e0\"><input type=\"checkbox\" name=\"checkbox-2[]\" value=\"je-vends-d\u00e9j\u00e0\" id=\"forminator-field-checkbox-2-3-69ea3f56d6832\" aria-labelledby=\"forminator-field-checkbox-2-3-69ea3f56d6832-label\" data-calculation=\"0\"   data-hidden-behavior=\"zero\"\/><span class=\"forminator-checkbox-box\" aria-hidden=\"true\"><\/span><span class=\"forminator-checkbox-label\">je vends d\u00e9j\u00e0<\/span><\/label><\/div><\/div><\/div><div class=\"forminator-row\"><div id=\"checkbox-3\" class=\"forminator-field-checkbox forminator-col forminator-col-12 \"><div role=\"group\" class=\"forminator-field required\" aria-labelledby=\"forminator-checkbox-group-forminator-field-checkbox-3-69ea3f56d6832-label\"><span id=\"forminator-checkbox-group-forminator-field-checkbox-3-69ea3f56d6832-label\" class=\"forminator-label\">Quels sont les principaux enjeux de votre entreprise ? <span class=\"forminator-required\">*<\/span><\/span><label id=\"forminator-field-checkbox-3-1-69ea3f56d6832-label\" for=\"forminator-field-checkbox-3-1-69ea3f56d6832\" class=\"forminator-checkbox\" title=\"Obtenir mes premiers clients\"><input type=\"checkbox\" name=\"checkbox-3[]\" value=\"one\" id=\"forminator-field-checkbox-3-1-69ea3f56d6832\" aria-labelledby=\"forminator-field-checkbox-3-1-69ea3f56d6832-label\" data-calculation=\"0\"   data-hidden-behavior=\"zero\"\/><span class=\"forminator-checkbox-box\" aria-hidden=\"true\"><\/span><span class=\"forminator-checkbox-label\">Obtenir mes premiers clients<\/span><\/label><label id=\"forminator-field-checkbox-3-2-69ea3f56d6832-label\" for=\"forminator-field-checkbox-3-2-69ea3f56d6832\" class=\"forminator-checkbox\" title=\"Augmenter le nombre de clients\"><input type=\"checkbox\" name=\"checkbox-3[]\" value=\"two\" id=\"forminator-field-checkbox-3-2-69ea3f56d6832\" aria-labelledby=\"forminator-field-checkbox-3-2-69ea3f56d6832-label\" data-calculation=\"0\"   data-hidden-behavior=\"zero\"\/><span class=\"forminator-checkbox-box\" aria-hidden=\"true\"><\/span><span class=\"forminator-checkbox-label\">Augmenter le nombre de clients<\/span><\/label><label id=\"forminator-field-checkbox-3-3-69ea3f56d6832-label\" for=\"forminator-field-checkbox-3-3-69ea3f56d6832\" class=\"forminator-checkbox\" title=\"Obtenez de meilleurs clients\"><input type=\"checkbox\" name=\"checkbox-3[]\" value=\"Obtenez-de-meilleurs-clients\" id=\"forminator-field-checkbox-3-3-69ea3f56d6832\" aria-labelledby=\"forminator-field-checkbox-3-3-69ea3f56d6832-label\" data-calculation=\"0\"   data-hidden-behavior=\"zero\"\/><span class=\"forminator-checkbox-box\" aria-hidden=\"true\"><\/span><span class=\"forminator-checkbox-label\">Obtenez de meilleurs clients<\/span><\/label><label id=\"forminator-field-checkbox-3-4-69ea3f56d6832-label\" for=\"forminator-field-checkbox-3-4-69ea3f56d6832\" class=\"forminator-checkbox\" title=\"Entrez un nouveau segment\"><input type=\"checkbox\" name=\"checkbox-3[]\" value=\"Entrez-un-nouveau-segment\" id=\"forminator-field-checkbox-3-4-69ea3f56d6832\" aria-labelledby=\"forminator-field-checkbox-3-4-69ea3f56d6832-label\" data-calculation=\"0\"   data-hidden-behavior=\"zero\"\/><span class=\"forminator-checkbox-box\" aria-hidden=\"true\"><\/span><span class=\"forminator-checkbox-label\">Entrez un nouveau segment<\/span><\/label><label id=\"forminator-field-checkbox-3-5-69ea3f56d6832-label\" for=\"forminator-field-checkbox-3-5-69ea3f56d6832\" class=\"forminator-checkbox\" title=\"Autres\"><input type=\"checkbox\" name=\"checkbox-3[]\" value=\"Autres\" id=\"forminator-field-checkbox-3-5-69ea3f56d6832\" aria-labelledby=\"forminator-field-checkbox-3-5-69ea3f56d6832-label\" data-calculation=\"0\"   data-hidden-behavior=\"zero\"\/><span class=\"forminator-checkbox-box\" aria-hidden=\"true\"><\/span><span class=\"forminator-checkbox-label\">Autres<\/span><\/label><\/div><\/div><\/div><div class=\"forminator-row\"><div id=\"checkbox-1\" class=\"forminator-field-checkbox forminator-col forminator-col-12 \"><div role=\"group\" class=\"forminator-field required\" aria-labelledby=\"forminator-checkbox-group-forminator-field-checkbox-1-69ea3f56d6832-label\"><span id=\"forminator-checkbox-group-forminator-field-checkbox-1-69ea3f56d6832-label\" class=\"forminator-label\">Quels sont vos principaux besoins ? <span class=\"forminator-required\">*<\/span><\/span><label id=\"forminator-field-checkbox-1-1-69ea3f56d6832-label\" for=\"forminator-field-checkbox-1-1-69ea3f56d6832\" class=\"forminator-checkbox\" title=\"Cr\u00e9er un site Web\"><input type=\"checkbox\" name=\"checkbox-1[]\" value=\"service-1\" id=\"forminator-field-checkbox-1-1-69ea3f56d6832\" aria-labelledby=\"forminator-field-checkbox-1-1-69ea3f56d6832-label\" data-calculation=\"0\"  \/><span class=\"forminator-checkbox-box\" aria-hidden=\"true\"><\/span><span class=\"forminator-checkbox-label\">Cr\u00e9er un site Web<\/span><\/label><label id=\"forminator-field-checkbox-1-2-69ea3f56d6832-label\" for=\"forminator-field-checkbox-1-2-69ea3f56d6832\" class=\"forminator-checkbox\" title=\"Cr\u00e9er une boutique en ligne\"><input type=\"checkbox\" name=\"checkbox-1[]\" value=\"service-2\" id=\"forminator-field-checkbox-1-2-69ea3f56d6832\" aria-labelledby=\"forminator-field-checkbox-1-2-69ea3f56d6832-label\" data-calculation=\"0\"  \/><span class=\"forminator-checkbox-box\" aria-hidden=\"true\"><\/span><span class=\"forminator-checkbox-label\">Cr\u00e9er une boutique en ligne<\/span><\/label><label id=\"forminator-field-checkbox-1-3-69ea3f56d6832-label\" for=\"forminator-field-checkbox-1-3-69ea3f56d6832\" class=\"forminator-checkbox\" title=\"Cr\u00e9ation du Contenu\"><input type=\"checkbox\" name=\"checkbox-1[]\" value=\"Cr\u00e9ation-du-Contenu\" id=\"forminator-field-checkbox-1-3-69ea3f56d6832\" aria-labelledby=\"forminator-field-checkbox-1-3-69ea3f56d6832-label\" data-calculation=\"0\"  \/><span class=\"forminator-checkbox-box\" aria-hidden=\"true\"><\/span><span class=\"forminator-checkbox-label\">Cr\u00e9ation du Contenu<\/span><\/label><label id=\"forminator-field-checkbox-1-4-69ea3f56d6832-label\" for=\"forminator-field-checkbox-1-4-69ea3f56d6832\" class=\"forminator-checkbox\" title=\"G\u00e9rer les campagnes en ligne\"><input type=\"checkbox\" name=\"checkbox-1[]\" value=\"G\u00e9rer-les-campagnes-en-ligne\" id=\"forminator-field-checkbox-1-4-69ea3f56d6832\" aria-labelledby=\"forminator-field-checkbox-1-4-69ea3f56d6832-label\" data-calculation=\"0\"  \/><span class=\"forminator-checkbox-box\" aria-hidden=\"true\"><\/span><span class=\"forminator-checkbox-label\">G\u00e9rer les campagnes en ligne<\/span><\/label><label id=\"forminator-field-checkbox-1-5-69ea3f56d6832-label\" for=\"forminator-field-checkbox-1-5-69ea3f56d6832\" class=\"forminator-checkbox\" title=\"Autres\"><input type=\"checkbox\" name=\"checkbox-1[]\" value=\"Autres\" id=\"forminator-field-checkbox-1-5-69ea3f56d6832\" aria-labelledby=\"forminator-field-checkbox-1-5-69ea3f56d6832-label\" data-calculation=\"0\"  \/><span class=\"forminator-checkbox-box\" aria-hidden=\"true\"><\/span><span class=\"forminator-checkbox-label\">Autres<\/span><\/label><\/div><\/div><\/div><div class=\"forminator-row\"><div id=\"textarea-1\" class=\"forminator-field-textarea forminator-col forminator-col-12 \"><div class=\"forminator-field\"><label for=\"forminator-field-textarea-1_69ea3f56d6832\" id=\"forminator-field-textarea-1_69ea3f56d6832-label\" class=\"forminator-label\">Expliquez plus en d\u00e9tail vos besoins : <span class=\"forminator-required\">*<\/span><\/label><textarea name=\"textarea-1\" placeholder=\"\" id=\"forminator-field-textarea-1_69ea3f56d6832\" class=\"forminator-textarea\" rows=\"6\" style=\"--forminator-textarea-min-height:140px;\" maxlength=\"180\" ><\/textarea><span id=\"forminator-field-textarea-1_69ea3f56d6832-description\" class=\"forminator-description\"><span data-limit=\"180\" data-type=\"characters\" data-editor=\"\">0 \/ 180<\/span><\/span><\/div><\/div><\/div><div class=\"forminator-row\"><div id=\"text-2\" class=\"forminator-field-text forminator-col forminator-col-12 \"><div class=\"forminator-field\"><label for=\"forminator-field-text-2_69ea3f56d6832\" id=\"forminator-field-text-2_69ea3f56d6832-label\" class=\"forminator-label\">Comment avez-vous rencontr\u00e9 Wiloutech<\/label><input type=\"text\" name=\"text-2\" value=\"\" placeholder=\"Par exemple\u00a0: texte indicatif\" id=\"forminator-field-text-2_69ea3f56d6832\" class=\"forminator-input forminator-name--field\" data-required=\"\" \/><\/div><\/div><\/div><input type=\"hidden\" name=\"referer_url\" value=\"\" \/><div class=\"forminator-row forminator-row-last\"><div class=\"forminator-col\"><div class=\"forminator-field\"><button class=\"forminator-button forminator-button-submit\">Envoyer<\/button><\/div><\/div><\/div><input type=\"hidden\" id=\"forminator_nonce\" name=\"forminator_nonce\" value=\"b44d7cbc18\" \/><input type=\"hidden\" name=\"_wp_http_referer\" value=\"\/blog\/wp-json\/wp\/v2\/pages\/4684\" \/><input type=\"hidden\" name=\"form_id\" value=\"2735\"><input type=\"hidden\" name=\"page_id\" value=\"4684\"><input type=\"hidden\" name=\"form_type\" value=\"default\"><input type=\"hidden\" name=\"current_url\" value=\"https:\/\/wiloutech.com\/blog\/demande-un-devis\/\"><input type=\"hidden\" name=\"render_id\" value=\"0\"><input type=\"hidden\" name=\"action\" value=\"forminator_submit_form_custom-forms\"><label for=\"input_10\" class=\"forminator-hidden\" aria-hidden=\"true\">Veuillez ne pas remplir ce champ. <input id=\"input_10\" type=\"text\" name=\"input_10\" value=\"\" autocomplete=\"off\"><\/label><\/form>\n","protected":false},"excerpt":{"rendered":"","protected":false},"author":1,"featured_media":0,"parent":0,"menu_order":0,"comment_status":"closed","ping_status":"closed","template":"","meta":{"nf_dc_page":"","pagelayer_contact_templates":[],"_pagelayer_content":"","footnotes":""},"class_list":["post-4684","page","type-page","status-publish","hentry"],"yoast_head":"<!-- This site is optimized with the Yoast SEO plugin v27.4 - https:\/\/yoast.com\/product\/yoast-seo-wordpress\/ -->\n<title>Demande un Devis - Wiloutech<\/title>\n<meta name=\"robots\" content=\"index, follow, max-snippet:-1, max-image-preview:large, max-video-preview:-1\" \/>\n<link rel=\"canonical\" href=\"https:\/\/wiloutech.com\/blog\/demande-un-devis\/\" \/>\n<meta property=\"og:locale\" content=\"fr_FR\" \/>\n<meta property=\"og:type\" content=\"article\" \/>\n<meta property=\"og:title\" content=\"Demande un Devis - Wiloutech\" \/>\n<meta property=\"og:url\" content=\"https:\/\/wiloutech.com\/blog\/demande-un-devis\/\" \/>\n<meta property=\"og:site_name\" content=\"Wiloutech\" \/>\n<meta name=\"twitter:card\" content=\"summary_large_image\" \/>\n<meta name=\"twitter:label1\" content=\"Dur\u00e9e de lecture estim\u00e9e\" \/>\n\t<meta name=\"twitter:data1\" content=\"1 minute\" \/>\n<script type=\"application\/ld+json\" class=\"yoast-schema-graph\">{\"@context\":\"https:\\\/\\\/schema.org\",\"@graph\":[{\"@type\":\"WebPage\",\"@id\":\"https:\\\/\\\/wiloutech.com\\\/blog\\\/demande-un-devis\\\/\",\"url\":\"https:\\\/\\\/wiloutech.com\\\/blog\\\/demande-un-devis\\\/\",\"name\":\"Demande un Devis - Wiloutech\",\"isPartOf\":{\"@id\":\"https:\\\/\\\/wiloutech.com\\\/blog\\\/#website\"},\"datePublished\":\"2024-12-14T17:38:34+00:00\",\"breadcrumb\":{\"@id\":\"https:\\\/\\\/wiloutech.com\\\/blog\\\/demande-un-devis\\\/#breadcrumb\"},\"inLanguage\":\"fr-FR\",\"potentialAction\":[{\"@type\":\"ReadAction\",\"target\":[\"https:\\\/\\\/wiloutech.com\\\/blog\\\/demande-un-devis\\\/\"]}]},{\"@type\":\"BreadcrumbList\",\"@id\":\"https:\\\/\\\/wiloutech.com\\\/blog\\\/demande-un-devis\\\/#breadcrumb\",\"itemListElement\":[{\"@type\":\"ListItem\",\"position\":1,\"name\":\"Accueil\",\"item\":\"https:\\\/\\\/wiloutech.com\\\/blog\\\/\"},{\"@type\":\"ListItem\",\"position\":2,\"name\":\"Demande un Devis\"}]},{\"@type\":\"WebSite\",\"@id\":\"https:\\\/\\\/wiloutech.com\\\/blog\\\/#website\",\"url\":\"https:\\\/\\\/wiloutech.com\\\/blog\\\/\",\"name\":\"Wiloutech\",\"description\":\"L&#039;\u00e9ducation est la cl\u00e9 de la vie\",\"publisher\":{\"@id\":\"https:\\\/\\\/wiloutech.com\\\/blog\\\/#organization\"},\"potentialAction\":[{\"@type\":\"SearchAction\",\"target\":{\"@type\":\"EntryPoint\",\"urlTemplate\":\"https:\\\/\\\/wiloutech.com\\\/blog\\\/?s={search_term_string}\"},\"query-input\":{\"@type\":\"PropertyValueSpecification\",\"valueRequired\":true,\"valueName\":\"search_term_string\"}}],\"inLanguage\":\"fr-FR\"},{\"@type\":\"Organization\",\"@id\":\"https:\\\/\\\/wiloutech.com\\\/blog\\\/#organization\",\"name\":\"Wiloutech\",\"url\":\"https:\\\/\\\/wiloutech.com\\\/blog\\\/\",\"logo\":{\"@type\":\"ImageObject\",\"inLanguage\":\"fr-FR\",\"@id\":\"https:\\\/\\\/wiloutech.com\\\/blog\\\/#\\\/schema\\\/logo\\\/image\\\/\",\"url\":\"https:\\\/\\\/wiloutech.com\\\/blog\\\/wp-content\\\/uploads\\\/2024\\\/12\\\/logo-wil12.jpg\",\"contentUrl\":\"https:\\\/\\\/wiloutech.com\\\/blog\\\/wp-content\\\/uploads\\\/2024\\\/12\\\/logo-wil12.jpg\",\"width\":250,\"height\":70,\"caption\":\"Wiloutech\"},\"image\":{\"@id\":\"https:\\\/\\\/wiloutech.com\\\/blog\\\/#\\\/schema\\\/logo\\\/image\\\/\"}}]}<\/script>\n<!-- \/ Yoast SEO plugin. -->","yoast_head_json":{"title":"Demande un Devis - Wiloutech","robots":{"index":"index","follow":"follow","max-snippet":"max-snippet:-1","max-image-preview":"max-image-preview:large","max-video-preview":"max-video-preview:-1"},"canonical":"https:\/\/wiloutech.com\/blog\/demande-un-devis\/","og_locale":"fr_FR","og_type":"article","og_title":"Demande un Devis - Wiloutech","og_url":"https:\/\/wiloutech.com\/blog\/demande-un-devis\/","og_site_name":"Wiloutech","twitter_card":"summary_large_image","twitter_misc":{"Dur\u00e9e de lecture estim\u00e9e":"1 minute"},"schema":{"@context":"https:\/\/schema.org","@graph":[{"@type":"WebPage","@id":"https:\/\/wiloutech.com\/blog\/demande-un-devis\/","url":"https:\/\/wiloutech.com\/blog\/demande-un-devis\/","name":"Demande un Devis - Wiloutech","isPartOf":{"@id":"https:\/\/wiloutech.com\/blog\/#website"},"datePublished":"2024-12-14T17:38:34+00:00","breadcrumb":{"@id":"https:\/\/wiloutech.com\/blog\/demande-un-devis\/#breadcrumb"},"inLanguage":"fr-FR","potentialAction":[{"@type":"ReadAction","target":["https:\/\/wiloutech.com\/blog\/demande-un-devis\/"]}]},{"@type":"BreadcrumbList","@id":"https:\/\/wiloutech.com\/blog\/demande-un-devis\/#breadcrumb","itemListElement":[{"@type":"ListItem","position":1,"name":"Accueil","item":"https:\/\/wiloutech.com\/blog\/"},{"@type":"ListItem","position":2,"name":"Demande un Devis"}]},{"@type":"WebSite","@id":"https:\/\/wiloutech.com\/blog\/#website","url":"https:\/\/wiloutech.com\/blog\/","name":"Wiloutech","description":"L&#039;\u00e9ducation est la cl\u00e9 de la vie","publisher":{"@id":"https:\/\/wiloutech.com\/blog\/#organization"},"potentialAction":[{"@type":"SearchAction","target":{"@type":"EntryPoint","urlTemplate":"https:\/\/wiloutech.com\/blog\/?s={search_term_string}"},"query-input":{"@type":"PropertyValueSpecification","valueRequired":true,"valueName":"search_term_string"}}],"inLanguage":"fr-FR"},{"@type":"Organization","@id":"https:\/\/wiloutech.com\/blog\/#organization","name":"Wiloutech","url":"https:\/\/wiloutech.com\/blog\/","logo":{"@type":"ImageObject","inLanguage":"fr-FR","@id":"https:\/\/wiloutech.com\/blog\/#\/schema\/logo\/image\/","url":"https:\/\/wiloutech.com\/blog\/wp-content\/uploads\/2024\/12\/logo-wil12.jpg","contentUrl":"https:\/\/wiloutech.com\/blog\/wp-content\/uploads\/2024\/12\/logo-wil12.jpg","width":250,"height":70,"caption":"Wiloutech"},"image":{"@id":"https:\/\/wiloutech.com\/blog\/#\/schema\/logo\/image\/"}}]}},"_links":{"self":[{"href":"https:\/\/wiloutech.com\/blog\/wp-json\/wp\/v2\/pages\/4684","targetHints":{"allow":["GET"]}}],"collection":[{"href":"https:\/\/wiloutech.com\/blog\/wp-json\/wp\/v2\/pages"}],"about":[{"href":"https:\/\/wiloutech.com\/blog\/wp-json\/wp\/v2\/types\/page"}],"author":[{"embeddable":true,"href":"https:\/\/wiloutech.com\/blog\/wp-json\/wp\/v2\/users\/1"}],"replies":[{"embeddable":true,"href":"https:\/\/wiloutech.com\/blog\/wp-json\/wp\/v2\/comments?post=4684"}],"version-history":[{"count":1,"href":"https:\/\/wiloutech.com\/blog\/wp-json\/wp\/v2\/pages\/4684\/revisions"}],"predecessor-version":[{"id":4685,"href":"https:\/\/wiloutech.com\/blog\/wp-json\/wp\/v2\/pages\/4684\/revisions\/4685"}],"wp:attachment":[{"href":"https:\/\/wiloutech.com\/blog\/wp-json\/wp\/v2\/media?parent=4684"}],"curies":[{"name":"wp","href":"https:\/\/api.w.org\/{rel}","templated":true}]}}