{"id":484,"date":"2023-04-27T21:11:28","date_gmt":"2023-04-27T21:11:28","guid":{"rendered":"https:\/\/wiloutech.com\/?page_id=484"},"modified":"2024-12-12T06:09:36","modified_gmt":"2024-12-12T06:09:36","slug":"politique-de-confidentialite","status":"publish","type":"page","link":"https:\/\/wiloutech.com\/blog\/politique-de-confidentialite\/","title":{"rendered":"Politique de confidentialit\u00e9"},"content":{"rendered":"<p><span>Votre vie priv\u00e9e est importante pour nous.\u00a0La politique de Wiloutech est de respecter votre vie priv\u00e9e concernant toute information que vous pourriez avoir sur le site Web de Wiloutech et sur d&#8217;autres sites que nous poss\u00e9dons.\u00a0Nous ne demandons des informations personnelles que lorsque nous avons vraiment besoin de vous fournir un service.\u00a0Nous le faisons par des moyens justes et l\u00e9gaux, avec votre connaissance et votre consentement.\u00a0<\/span><\/p>\n<p><span>Nous vous informons \u00e9galement des raisons pour lesquelles nous les collectons.\u00a0Nous ne conservons les informations collect\u00e9es que le temps n\u00e9cessaire pour fournir le service demand\u00e9.\u00a0Lorsque nous stockons des donn\u00e9es, nous les s\u00e9curisons par des moyens commercialement acceptables pour pr\u00e9venir la perte et le vol, ainsi que l&#8217;acc\u00e8s, la divulgation, la copie, l&#8217;utilisation ou la modification non autoris\u00e9s.\u00a0Nous ne partageons pas d&#8217;informations personnellement identifiables publiquement ou avec des tiers, sauf si la loi l&#8217;exige.\u00a0Notre site peut contenir des liens vers des sites Web externes qui ne sont pas exploit\u00e9s par nous.\u00a0Veuillez noter que nous n&#8217;avons aucun contr\u00f4le sur le contenu et les pratiques de ces sites et ne pouvons accepter la responsabilit\u00e9 de leurs politiques de confidentialit\u00e9 respectives. Vous \u00eates libre de refuser notre demande d&#8217;informations personnelles, \u00e9tant entendu que nous ne pourrons peut-\u00eatre pas vous fournir certains des services que vous souhaitez. L&#8217;utilisation continue de notre site sera consid\u00e9r\u00e9e comme une acceptation de nos pratiques en mati\u00e8re de confidentialit\u00e9 et d&#8217;informations personnelles.\u00a0Si vous avez des questions sur la mani\u00e8re dont nous traitons les donn\u00e9es des utilisateurs et les informations personnelles, veuillez nous contacter.<\/span><\/p>\n<p><strong><span>Politique des cookies de Wiloutech\u00a0<\/span><\/strong><strong><span>Que sont les cookies ?<\/span><\/strong><\/p>\n<p><span>Comme il est de pratique courante sur presque tous les sites Web professionnels, ce site utilise des cookies, qui sont de petits fichiers t\u00e9l\u00e9charg\u00e9s sur votre ordinateur, pour am\u00e9liorer votre exp\u00e9rience.\u00a0Cette page d\u00e9crit quelles informations sont collect\u00e9es, comment nous les utilisons et pourquoi nous avons parfois besoin de stocker ces cookies.\u00a0Nous partagerons \u00e9galement comment vous pouvez emp\u00eacher le stockage de ces cookies, mais cela peut ralentir ou &#8220;casser&#8221; certains \u00e9l\u00e9ments de la fonctionnalit\u00e9 du site.<\/span><\/p>\n<p><strong><span>D\u00e9sactiver les cookies<\/span><\/strong><\/p>\n<p><span>Vous pouvez emp\u00eacher les cookies en ajustant les param\u00e8tres de votre navigateur (voir l&#8217;aide du navigateur pour savoir comment proc\u00e9der).\u00a0Veuillez noter que la d\u00e9sactivation des cookies affectera la fonctionnalit\u00e9 de ce site et de nombreux autres sites Web que vous visitez.\u00a0La d\u00e9sactivation des cookies d\u00e9sactivera g\u00e9n\u00e9ralement certaines fonctionnalit\u00e9s de ce site Web.\u00a0Par cons\u00e9quent, il est recommand\u00e9 de ne pas d\u00e9sactiver les cookies.<\/span><\/p>\n<p><strong><span>Cookies que nous d\u00e9finissons et associons<\/span><\/strong><\/p>\n<p><span>Si vous cr\u00e9ez un compte chez nous, nous utiliserons des cookies pour g\u00e9rer le processus d&#8217;inscription et l&#8217;administration g\u00e9n\u00e9rale.\u00a0G\u00e9n\u00e9ralement, ces cookies seront supprim\u00e9s lorsque vous quittez le syst\u00e8me, mais dans certains cas, ils peuvent rester plus tard pour m\u00e9moriser vos pr\u00e9f\u00e9rences de site lorsque vous quittez.\u00a0En connexion, nous utilisons des cookies lorsque vous vous connectez, afin que nous puissions nous souvenir de cette action.\u00a0Cela vous \u00e9vite d&#8217;avoir \u00e0 vous connecter \u00e0 chaque fois que vous visitez une nouvelle page.\u00a0Ces cookies sont g\u00e9n\u00e9ralement supprim\u00e9s ou supprim\u00e9s lorsque vous vous d\u00e9connectez pour vous assurer que vous ne pouvez acc\u00e9der qu&#8217;aux ressources et zones restreintes lorsque vous vous connectez.<\/span><\/p>\n<p><strong><span>Courriel<\/span><\/strong><\/p>\n<p><span>Ce site propose des newsletters par e-mail ou des services d&#8217;abonnement et des cookies peuvent \u00eatre utilis\u00e9s pour se rappeler si vous \u00eates d\u00e9j\u00e0 inscrit et pour afficher certaines notifications valables uniquement pour les utilisateurs enregistr\u00e9s.<\/span><\/p>\n<p><span><strong>Nos\u00a0<\/strong><strong>formulaires<\/strong><\/span><\/p>\n<p><span>Lorsque vous soumettez des donn\u00e9es via un formulaire tel que ceux trouv\u00e9s sur les pages de contact ou les formulaires de commentaires, des cookies peuvent \u00eatre configur\u00e9s pour m\u00e9moriser les d\u00e9tails de l&#8217;utilisateur pour une correspondance future.<\/span><\/p>\n<p><strong><span>Cookies de pr\u00e9f\u00e9rences<\/span><\/strong><\/p>\n<p><span>Pour offrir une bonne exp\u00e9rience sur ce site, nous fournissons une fonctionnalit\u00e9 permettant de d\u00e9finir vos pr\u00e9f\u00e9rences quant au fonctionnement de ce site lorsque vous l&#8217;utilisez.\u00a0Pour m\u00e9moriser vos pr\u00e9f\u00e9rences, nous devons d\u00e9finir des cookies afin que ces informations puissent \u00eatre appel\u00e9es chaque fois que vous interagissez avec une page affect\u00e9e par vos pr\u00e9f\u00e9rences.\u00a0<\/span><\/p>\n<p><span>Ce site utilise Google Analytics qui est l&#8217;une des solutions d&#8217;analyse les plus r\u00e9pandues et les plus fiables sur Internet pour nous aider \u00e0 comprendre comment vous utilisez le site et comment nous pouvons am\u00e9liorer votre exp\u00e9rience.\u00a0<\/span><\/p>\n<p><span>Ces cookies peuvent suivre des \u00e9l\u00e9ments tels que le temps que vous passez sur le site et les pages que vous visitez, afin que nous puissions continuer \u00e0 produire un contenu attrayant.\u00a0Pour plus d&#8217;informations sur les cookies de Google Analytics, consultez la page officielle de Google Analytics.<\/span><\/p>\n<p><span>\u00a0Les analyses sont utilis\u00e9es pour suivre et mesurer l&#8217;utilisation de ce site, afin que nous puissions continuer \u00e0 produire un contenu int\u00e9ressant.\u00a0Ces cookies peuvent suivre des \u00e9l\u00e9ments tels que le temps que vous passez sur le site ou les pages que vous visitez, ce qui nous aide \u00e0 comprendre comment nous pouvons am\u00e9liorer le site pour vous.\u00a0De temps en temps, nous testons de nouvelles fonctionnalit\u00e9s et l&#8217;apparence du site.\u00a0Lorsque nous testons constamment de nouvelles fonctionnalit\u00e9s, ces cookies peuvent \u00eatre utilis\u00e9s pour assurer une exp\u00e9rience coh\u00e9rente sur le site, y compris les optimisations les plus appr\u00e9ci\u00e9es par nos utilisateurs.\u00a0<\/span><\/p>\n<p><span>Le service AdSense que nous utilisons pour diffuser des annonces utilise un cookie DoubleClick pour diffuser les annonces les plus pertinentes sur le Web et pour limiter le nombre de fois qu&#8217;une annonce particuli\u00e8re vous est pr\u00e9sent\u00e9e.\u00a0Pour plus d&#8217;informations sur AdSense, consultez la politique de confidentialit\u00e9 officielle d&#8217;AdSense.\u00a0Nous utilisons la publicit\u00e9 pour compenser les co\u00fbts de fonctionnement de ce site et pour fournir un financement pour le d\u00e9veloppement futur.\u00a0Les cookies de publicit\u00e9 comportementale utilis\u00e9s par ce site sont con\u00e7us pour s&#8217;assurer que vous recevez la publicit\u00e9 la plus pertinente possible, en suivant de mani\u00e8re anonyme vos centres d&#8217;int\u00e9r\u00eat et en pr\u00e9sentant des \u00e9l\u00e9ments similaires susceptibles de vous int\u00e9resser.<\/span><\/p>\n<p><span>\u00a0Plusieurs partenaires font de la publicit\u00e9 en notre nom et les cookies de suivi des affili\u00e9s nous permettent simplement de voir si nos clients ont acc\u00e9d\u00e9 au site via l&#8217;un de nos sites Web partenaires, afin que nous puissions les cr\u00e9diter en cons\u00e9quence et, le cas \u00e9ch\u00e9ant, autoriser les partenaires. Nos affili\u00e9s organisent toutes les promotions qui peuvent vous permettre d&#8217;acheter.<\/span><\/p>\n<p><strong><span>Engagement des utilisateurs<\/span><\/strong><\/p>\n<p><span>L&#8217;utilisateur s&#8217;engage \u00e0 faire un usage appropri\u00e9 du contenu et des informations que Wiloutech propose sur le site avec un caract\u00e8re correct, mais non limit\u00e9 \u00e0 : A) Ne pas se livrer \u00e0 des activit\u00e9s ill\u00e9gales ou contraires \u00e0 la bonne foi ou \u00e0 l&#8217;ordre public ;\u00a0B) Ne diffusez pas de propagande ou de contenu raciste, de jeux d&#8217;argent, de tout type de pornographie ill\u00e9gale\u00a0;\u00a0C) Ne rien faire qui pourrait endommager notre site Web, ou injecter des virus ou des logiciels qui pourraient endommager le site.\u00a0<span class=\"VIpgJd-yAWNEb-VIpgJd-fmcmS-sn54Q\">Wiloutech esp\u00e8re que cela clarifie les choses, comme nous l&#8217;avons mentionn\u00e9 pr\u00e9c\u00e9demment, s&#8217;il y a quelque chose dont vous n&#8217;\u00eates pas s\u00fbr d&#8217;en avoir besoin ou non, il est g\u00e9n\u00e9ralement plus s\u00fbr de laisser les cookies activ\u00e9s si vous interagissez avec une fonctionnalit\u00e9 que vous utilisez sur notre site.<\/span><\/span><\/p>\n<p><span>Cette politique est effective \u00e0 partir d&#8217;avril\/2023.<\/span><\/p>\n","protected":false},"excerpt":{"rendered":"<p>Votre vie priv\u00e9e est importante pour nous.\u00a0La politique de Wiloutech est de respecter votre vie priv\u00e9e concernant toute information que vous pourriez avoir sur le site Web de Wiloutech et sur d&#8217;autres sites que nous poss\u00e9dons.\u00a0Nous ne demandons des informations personnelles que lorsque nous avons vraiment besoin de vous fournir un service.\u00a0Nous le faisons par [&hellip;]<\/p>\n","protected":false},"author":2,"featured_media":0,"parent":0,"menu_order":0,"comment_status":"closed","ping_status":"closed","template":"","meta":{"nf_dc_page":"","pagelayer_contact_templates":[],"_pagelayer_content":"","footnotes":""},"class_list":["post-484","page","type-page","status-publish","hentry"],"yoast_head":"<!-- This site is optimized with the Yoast SEO plugin v27.4 - https:\/\/yoast.com\/product\/yoast-seo-wordpress\/ -->\n<title>Politique de confidentialit\u00e9 - Wiloutech<\/title>\n<meta name=\"description\" content=\"Votre vie priv\u00e9e est importante pour nous.\u00a0La politique de Wiloutech est de respecter votre vie priv\u00e9e concernant toute information que vous pourriez avoir sur le site Web de Wiloutech et sur d&#039;autres sites que nous poss\u00e9dons.\u00a0Nous ne demandons des informations personnelles que lorsque nous avons vraiment besoin de vous fournir un service.\u00a0Nous le faisons par des moyens justes et l\u00e9gaux, avec votre connaissance et votre consentement.\u00a0\" \/>\n<meta name=\"robots\" content=\"index, follow, max-snippet:-1, max-image-preview:large, max-video-preview:-1\" \/>\n<link rel=\"canonical\" href=\"https:\/\/wiloutech.com\/blog\/politique-de-confidentialite\/\" \/>\n<meta property=\"og:locale\" content=\"fr_FR\" \/>\n<meta property=\"og:type\" content=\"article\" \/>\n<meta property=\"og:title\" content=\"Politique de confidentialit\u00e9 - Wiloutech\" \/>\n<meta property=\"og:description\" content=\"Votre vie priv\u00e9e est importante pour nous.\u00a0La politique de Wiloutech est de respecter votre vie priv\u00e9e concernant toute information que vous pourriez avoir sur le site Web de Wiloutech et sur d&#039;autres sites que nous poss\u00e9dons.\u00a0Nous ne demandons des informations personnelles que lorsque nous avons vraiment besoin de vous fournir un service.\u00a0Nous le faisons par des moyens justes et l\u00e9gaux, avec votre connaissance et votre consentement.\u00a0\" \/>\n<meta property=\"og:url\" content=\"https:\/\/wiloutech.com\/blog\/politique-de-confidentialite\/\" \/>\n<meta property=\"og:site_name\" content=\"Wiloutech\" \/>\n<meta property=\"article:modified_time\" content=\"2024-12-12T06:09:36+00:00\" \/>\n<meta name=\"twitter:card\" content=\"summary_large_image\" \/>\n<meta name=\"twitter:label1\" content=\"Dur\u00e9e de lecture estim\u00e9e\" \/>\n\t<meta name=\"twitter:data1\" content=\"6 minutes\" \/>\n<script type=\"application\/ld+json\" class=\"yoast-schema-graph\">{\"@context\":\"https:\\\/\\\/schema.org\",\"@graph\":[{\"@type\":\"WebPage\",\"@id\":\"https:\\\/\\\/wiloutech.com\\\/blog\\\/politique-de-confidentialite\\\/\",\"url\":\"https:\\\/\\\/wiloutech.com\\\/blog\\\/politique-de-confidentialite\\\/\",\"name\":\"Politique de confidentialit\u00e9 - Wiloutech\",\"isPartOf\":{\"@id\":\"https:\\\/\\\/wiloutech.com\\\/blog\\\/#website\"},\"datePublished\":\"2023-04-27T21:11:28+00:00\",\"dateModified\":\"2024-12-12T06:09:36+00:00\",\"description\":\"Votre vie priv\u00e9e est importante pour nous.\u00a0La politique de Wiloutech est de respecter votre vie priv\u00e9e concernant toute information que vous pourriez avoir sur le site Web de Wiloutech et sur d'autres sites que nous poss\u00e9dons.\u00a0Nous ne demandons des informations personnelles que lorsque nous avons vraiment besoin de vous fournir un service.\u00a0Nous le faisons par des moyens justes et l\u00e9gaux, avec votre connaissance et votre consentement.\u00a0\",\"breadcrumb\":{\"@id\":\"https:\\\/\\\/wiloutech.com\\\/blog\\\/politique-de-confidentialite\\\/#breadcrumb\"},\"inLanguage\":\"fr-FR\",\"potentialAction\":[{\"@type\":\"ReadAction\",\"target\":[\"https:\\\/\\\/wiloutech.com\\\/blog\\\/politique-de-confidentialite\\\/\"]}]},{\"@type\":\"BreadcrumbList\",\"@id\":\"https:\\\/\\\/wiloutech.com\\\/blog\\\/politique-de-confidentialite\\\/#breadcrumb\",\"itemListElement\":[{\"@type\":\"ListItem\",\"position\":1,\"name\":\"Accueil\",\"item\":\"https:\\\/\\\/wiloutech.com\\\/blog\\\/\"},{\"@type\":\"ListItem\",\"position\":2,\"name\":\"Politique de confidentialit\u00e9\"}]},{\"@type\":\"WebSite\",\"@id\":\"https:\\\/\\\/wiloutech.com\\\/blog\\\/#website\",\"url\":\"https:\\\/\\\/wiloutech.com\\\/blog\\\/\",\"name\":\"Wiloutech\",\"description\":\"L&#039;\u00e9ducation est la cl\u00e9 de la vie\",\"publisher\":{\"@id\":\"https:\\\/\\\/wiloutech.com\\\/blog\\\/#organization\"},\"potentialAction\":[{\"@type\":\"SearchAction\",\"target\":{\"@type\":\"EntryPoint\",\"urlTemplate\":\"https:\\\/\\\/wiloutech.com\\\/blog\\\/?s={search_term_string}\"},\"query-input\":{\"@type\":\"PropertyValueSpecification\",\"valueRequired\":true,\"valueName\":\"search_term_string\"}}],\"inLanguage\":\"fr-FR\"},{\"@type\":\"Organization\",\"@id\":\"https:\\\/\\\/wiloutech.com\\\/blog\\\/#organization\",\"name\":\"Wiloutech\",\"url\":\"https:\\\/\\\/wiloutech.com\\\/blog\\\/\",\"logo\":{\"@type\":\"ImageObject\",\"inLanguage\":\"fr-FR\",\"@id\":\"https:\\\/\\\/wiloutech.com\\\/blog\\\/#\\\/schema\\\/logo\\\/image\\\/\",\"url\":\"https:\\\/\\\/wiloutech.com\\\/blog\\\/wp-content\\\/uploads\\\/2024\\\/12\\\/logo-wil12.jpg\",\"contentUrl\":\"https:\\\/\\\/wiloutech.com\\\/blog\\\/wp-content\\\/uploads\\\/2024\\\/12\\\/logo-wil12.jpg\",\"width\":250,\"height\":70,\"caption\":\"Wiloutech\"},\"image\":{\"@id\":\"https:\\\/\\\/wiloutech.com\\\/blog\\\/#\\\/schema\\\/logo\\\/image\\\/\"}}]}<\/script>\n<!-- \/ Yoast SEO plugin. -->","yoast_head_json":{"title":"Politique de confidentialit\u00e9 - Wiloutech","description":"Votre vie priv\u00e9e est importante pour nous.\u00a0La politique de Wiloutech est de respecter votre vie priv\u00e9e concernant toute information que vous pourriez avoir sur le site Web de Wiloutech et sur d'autres sites que nous poss\u00e9dons.\u00a0Nous ne demandons des informations personnelles que lorsque nous avons vraiment besoin de vous fournir un service.\u00a0Nous le faisons par des moyens justes et l\u00e9gaux, avec votre connaissance et votre consentement.\u00a0","robots":{"index":"index","follow":"follow","max-snippet":"max-snippet:-1","max-image-preview":"max-image-preview:large","max-video-preview":"max-video-preview:-1"},"canonical":"https:\/\/wiloutech.com\/blog\/politique-de-confidentialite\/","og_locale":"fr_FR","og_type":"article","og_title":"Politique de confidentialit\u00e9 - Wiloutech","og_description":"Votre vie priv\u00e9e est importante pour nous.\u00a0La politique de Wiloutech est de respecter votre vie priv\u00e9e concernant toute information que vous pourriez avoir sur le site Web de Wiloutech et sur d'autres sites que nous poss\u00e9dons.\u00a0Nous ne demandons des informations personnelles que lorsque nous avons vraiment besoin de vous fournir un service.\u00a0Nous le faisons par des moyens justes et l\u00e9gaux, avec votre connaissance et votre consentement.\u00a0","og_url":"https:\/\/wiloutech.com\/blog\/politique-de-confidentialite\/","og_site_name":"Wiloutech","article_modified_time":"2024-12-12T06:09:36+00:00","twitter_card":"summary_large_image","twitter_misc":{"Dur\u00e9e de lecture estim\u00e9e":"6 minutes"},"schema":{"@context":"https:\/\/schema.org","@graph":[{"@type":"WebPage","@id":"https:\/\/wiloutech.com\/blog\/politique-de-confidentialite\/","url":"https:\/\/wiloutech.com\/blog\/politique-de-confidentialite\/","name":"Politique de confidentialit\u00e9 - Wiloutech","isPartOf":{"@id":"https:\/\/wiloutech.com\/blog\/#website"},"datePublished":"2023-04-27T21:11:28+00:00","dateModified":"2024-12-12T06:09:36+00:00","description":"Votre vie priv\u00e9e est importante pour nous.\u00a0La politique de Wiloutech est de respecter votre vie priv\u00e9e concernant toute information que vous pourriez avoir sur le site Web de Wiloutech et sur d'autres sites que nous poss\u00e9dons.\u00a0Nous ne demandons des informations personnelles que lorsque nous avons vraiment besoin de vous fournir un service.\u00a0Nous le faisons par des moyens justes et l\u00e9gaux, avec votre connaissance et votre consentement.\u00a0","breadcrumb":{"@id":"https:\/\/wiloutech.com\/blog\/politique-de-confidentialite\/#breadcrumb"},"inLanguage":"fr-FR","potentialAction":[{"@type":"ReadAction","target":["https:\/\/wiloutech.com\/blog\/politique-de-confidentialite\/"]}]},{"@type":"BreadcrumbList","@id":"https:\/\/wiloutech.com\/blog\/politique-de-confidentialite\/#breadcrumb","itemListElement":[{"@type":"ListItem","position":1,"name":"Accueil","item":"https:\/\/wiloutech.com\/blog\/"},{"@type":"ListItem","position":2,"name":"Politique de confidentialit\u00e9"}]},{"@type":"WebSite","@id":"https:\/\/wiloutech.com\/blog\/#website","url":"https:\/\/wiloutech.com\/blog\/","name":"Wiloutech","description":"L&#039;\u00e9ducation est la cl\u00e9 de la vie","publisher":{"@id":"https:\/\/wiloutech.com\/blog\/#organization"},"potentialAction":[{"@type":"SearchAction","target":{"@type":"EntryPoint","urlTemplate":"https:\/\/wiloutech.com\/blog\/?s={search_term_string}"},"query-input":{"@type":"PropertyValueSpecification","valueRequired":true,"valueName":"search_term_string"}}],"inLanguage":"fr-FR"},{"@type":"Organization","@id":"https:\/\/wiloutech.com\/blog\/#organization","name":"Wiloutech","url":"https:\/\/wiloutech.com\/blog\/","logo":{"@type":"ImageObject","inLanguage":"fr-FR","@id":"https:\/\/wiloutech.com\/blog\/#\/schema\/logo\/image\/","url":"https:\/\/wiloutech.com\/blog\/wp-content\/uploads\/2024\/12\/logo-wil12.jpg","contentUrl":"https:\/\/wiloutech.com\/blog\/wp-content\/uploads\/2024\/12\/logo-wil12.jpg","width":250,"height":70,"caption":"Wiloutech"},"image":{"@id":"https:\/\/wiloutech.com\/blog\/#\/schema\/logo\/image\/"}}]}},"_links":{"self":[{"href":"https:\/\/wiloutech.com\/blog\/wp-json\/wp\/v2\/pages\/484","targetHints":{"allow":["GET"]}}],"collection":[{"href":"https:\/\/wiloutech.com\/blog\/wp-json\/wp\/v2\/pages"}],"about":[{"href":"https:\/\/wiloutech.com\/blog\/wp-json\/wp\/v2\/types\/page"}],"author":[{"embeddable":true,"href":"https:\/\/wiloutech.com\/blog\/wp-json\/wp\/v2\/users\/2"}],"replies":[{"embeddable":true,"href":"https:\/\/wiloutech.com\/blog\/wp-json\/wp\/v2\/comments?post=484"}],"version-history":[{"count":4,"href":"https:\/\/wiloutech.com\/blog\/wp-json\/wp\/v2\/pages\/484\/revisions"}],"predecessor-version":[{"id":593,"href":"https:\/\/wiloutech.com\/blog\/wp-json\/wp\/v2\/pages\/484\/revisions\/593"}],"wp:attachment":[{"href":"https:\/\/wiloutech.com\/blog\/wp-json\/wp\/v2\/media?parent=484"}],"curies":[{"name":"wp","href":"https:\/\/api.w.org\/{rel}","templated":true}]}}