{"id":9,"date":"2023-04-13T17:53:46","date_gmt":"2023-04-13T17:53:46","guid":{"rendered":"https:\/\/livemove.ga\/wIiloutravel\/privacy-settings-page\/"},"modified":"2024-12-12T06:09:52","modified_gmt":"2024-12-12T06:09:52","slug":"conditions-dutilisation","status":"publish","type":"page","link":"https:\/\/wiloutech.com\/blog\/conditions-dutilisation\/","title":{"rendered":"Conditions d&#8217;utilisation"},"content":{"rendered":"<ol>\n<li><strong><span>Conditions d&#8217;utilisation<\/span><\/strong><br \/><span>En acc\u00e9dant au site Web de Wiloutech, vous acceptez de respecter les pr\u00e9sentes conditions d&#8217;utilisation, toutes les lois et r\u00e9glementations applicables, et vous acceptez d&#8217;\u00eatre responsable du respect de toutes les lois locales applicables.\u00a0Si vous n&#8217;acceptez pas l&#8217;une de ces conditions, il vous est interdit d&#8217;utiliser ou d&#8217;acc\u00e9der \u00e0 ce site.\u00a0Les \u00e9l\u00e9ments de ce site sont prot\u00e9g\u00e9s par les lois applicables sur le droit d&#8217;auteur et les marques de commerce.<\/span><\/li>\n<li><strong><span>Licence d&#8217;utilisation :<\/span><\/strong><br \/><span>La permission est accord\u00e9e de t\u00e9l\u00e9charger temporairement une copie du mat\u00e9riel (information ou logiciel) sur le site Web de Wiloutech pour une visualisation transitoire personnelle et non commerciale.\u00a0Il s&#8217;agit de l&#8217;octroi d&#8217;une licence, et non d&#8217;un transfert de s\u00e9curit\u00e9, et en vertu de cette licence, vous ne pouvez pas\u00a0:<\/span><\/li>\n<\/ol>\n<p><span>Modifier ou copier le mat\u00e9riel\u00a0;<\/span><br \/><span>utiliser le Mat\u00e9riel \u00e0 des fins commerciales ou pour une pr\u00e9sentation publique (commerciale ou non commerciale)\u00a0;<\/span><br \/><span>supprimer tout droit d&#8217;auteur ou autres avis attach\u00e9s aux documents\u00a0;\u00a0Ou<\/span><br \/><span>transf\u00e9rer les Mat\u00e9riels \u00e0 une autre personne ou \u00ab mettre \u00bb les Mat\u00e9riels sur tout autre serveur.<\/span><br \/><span>Cette licence sera automatiquement r\u00e9sili\u00e9e si vous violez l&#8217;une de ces restrictions.\u00a0Lorsque vous arr\u00eatez de visionner ces documents ou \u00e0 la r\u00e9siliation de cette licence, vous devez supprimer tous les documents t\u00e9l\u00e9charg\u00e9s en votre possession, qu&#8217;ils soient sous forme \u00e9lectronique ou imprim\u00e9e.<\/span><\/p>\n<ol start=\"3\">\n<li><strong><span>Clause de non-responsabilit\u00e9<\/span><\/strong><br \/><span>Les \u00e9l\u00e9ments du site Web de Wiloutech sont fournis &#8220;tels quels&#8221;.\u00a0Wiloutech ne donne aucune garantie, expresse ou implicite, et d\u00e9cline toute autre garantie, y compris, sans s&#8217;y limiter, les garanties ou conditions implicites de qualit\u00e9 marchande, d&#8217;ad\u00e9quation \u00e0 un usage particulier, de propri\u00e9t\u00e9 non intellectuelle ou d&#8217;autres droits de contrefa\u00e7on.<\/span><br \/><span>De plus, Wiloutech ne garantit ni ne fait aucune d\u00e9claration concernant l&#8217;exactitude, les r\u00e9sultats probables ou la fiabilit\u00e9 de l&#8217;utilisation du mat\u00e9riel sur son site Web ou autrement li\u00e9 \u00e0 ce mat\u00e9riel ou sur tout site li\u00e9 \u00e0 ce site.<\/span><\/li>\n<\/ol>\n<p><span>4.\u00a0<\/span><strong><span>Les donn\u00e9es<\/span><\/strong><\/p>\n<p><span>Les donn\u00e9es figurant sur le site Wiloutech peuvent comporter des erreurs techniques, typographiques ou photographiques.\u00a0Wiloutech garantit que toutes les donn\u00e9es pr\u00e9sentes sur le site sont exactes.\u00a0Wiloutech peut apporter des modifications aux donn\u00e9es de son site Internet \u00e0 tout moment et sans pr\u00e9avis.<\/span><\/p>\n<p><span>6.\u00a0<\/span><strong><span>Liens<\/span><\/strong><br \/><span>Wiloutech n&#8217;a pas examin\u00e9 tous les sites li\u00e9s \u00e0 notre site et n&#8217;est pas responsable du contenu de ces sites li\u00e9s.\u00a0L&#8217;inclusion de tout lien n&#8217;implique pas l&#8217;approbation par Wiloutech du site.\u00a0L&#8217;utilisation de tout site li\u00e9 se fait aux risques et p\u00e9rils de l&#8217;utilisateur.<\/span><br \/><span>Wiloutech peut r\u00e9viser ces termes sur le site \u00e0 tout moment sans pr\u00e9avis.\u00a0En utilisant ce site, vous acceptez d&#8217;\u00eatre li\u00e9 par la version actuelle de ces conditions d&#8217;utilisation.<\/span><\/p>\n<p><strong><span><span class=\"VIpgJd-yAWNEb-VIpgJd-fmcmS-sn54Q\">Loi applicable<\/span><\/span><\/strong><br \/><span><span class=\"VIpgJd-yAWNEb-VIpgJd-fmcmS-sn54Q\">Ces termes et conditions seront r\u00e9gis et interpr\u00e9t\u00e9s conform\u00e9ment aux lois de Wiloutech et dans la juridiction exclusive des tribunaux de cet \u00e9tat ou d&#8217;une autre localit\u00e9.<\/span><\/span><\/p>\n","protected":false},"excerpt":{"rendered":"<p>Conditions d&#8217;utilisationEn acc\u00e9dant au site Web de Wiloutech, vous acceptez de respecter les pr\u00e9sentes conditions d&#8217;utilisation, toutes les lois et r\u00e9glementations applicables, et vous acceptez d&#8217;\u00eatre responsable du respect de toutes les lois locales applicables.\u00a0Si vous n&#8217;acceptez pas l&#8217;une de ces conditions, il vous est interdit d&#8217;utiliser ou d&#8217;acc\u00e9der \u00e0 ce site.\u00a0Les \u00e9l\u00e9ments de ce [&hellip;]<\/p>\n","protected":false},"author":2,"featured_media":0,"parent":0,"menu_order":0,"comment_status":"closed","ping_status":"closed","template":"","meta":{"nf_dc_page":"","pagelayer_contact_templates":[],"_pagelayer_content":"","footnotes":""},"class_list":["post-9","page","type-page","status-publish","hentry"],"yoast_head":"<!-- This site is optimized with the Yoast SEO plugin v27.4 - https:\/\/yoast.com\/product\/yoast-seo-wordpress\/ -->\n<title>Conditions d&#039;utilisation - Wiloutech<\/title>\n<meta name=\"description\" content=\"Conditions d&#039;utilisationEn acc\u00e9dant au site Web de Wiloutech, vous acceptez de respecter les pr\u00e9sentes conditions d&#039;utilisation, toutes les lois et r\u00e9glementations applicables, et vous acceptez d&#039;\u00eatre responsable du respect de toutes les lois locales applicables.\u00a0Si vous n&#039;acceptez pas l&#039;une de ces conditions, il vous est interdit d&#039;utiliser ou d&#039;acc\u00e9der \u00e0 ce site.\u00a0Les \u00e9l\u00e9ments de ce site sont prot\u00e9g\u00e9s par les lois applicables sur le droit d&#039;auteur et les marques de commerce.\" \/>\n<meta name=\"robots\" content=\"index, follow, max-snippet:-1, max-image-preview:large, max-video-preview:-1\" \/>\n<link rel=\"canonical\" href=\"https:\/\/wiloutech.com\/blog\/conditions-dutilisation\/\" \/>\n<meta property=\"og:locale\" content=\"fr_FR\" \/>\n<meta property=\"og:type\" content=\"article\" \/>\n<meta property=\"og:title\" content=\"Conditions d&#039;utilisation - Wiloutech\" \/>\n<meta property=\"og:description\" content=\"Conditions d&#039;utilisationEn acc\u00e9dant au site Web de Wiloutech, vous acceptez de respecter les pr\u00e9sentes conditions d&#039;utilisation, toutes les lois et r\u00e9glementations applicables, et vous acceptez d&#039;\u00eatre responsable du respect de toutes les lois locales applicables.\u00a0Si vous n&#039;acceptez pas l&#039;une de ces conditions, il vous est interdit d&#039;utiliser ou d&#039;acc\u00e9der \u00e0 ce site.\u00a0Les \u00e9l\u00e9ments de ce site sont prot\u00e9g\u00e9s par les lois applicables sur le droit d&#039;auteur et les marques de commerce.\" \/>\n<meta property=\"og:url\" content=\"https:\/\/wiloutech.com\/blog\/conditions-dutilisation\/\" \/>\n<meta property=\"og:site_name\" content=\"Wiloutech\" \/>\n<meta property=\"article:modified_time\" content=\"2024-12-12T06:09:52+00:00\" \/>\n<meta name=\"twitter:card\" content=\"summary_large_image\" \/>\n<meta name=\"twitter:label1\" content=\"Dur\u00e9e de lecture estim\u00e9e\" \/>\n\t<meta name=\"twitter:data1\" content=\"3 minutes\" \/>\n<script type=\"application\/ld+json\" class=\"yoast-schema-graph\">{\"@context\":\"https:\\\/\\\/schema.org\",\"@graph\":[{\"@type\":\"WebPage\",\"@id\":\"https:\\\/\\\/wiloutech.com\\\/blog\\\/conditions-dutilisation\\\/\",\"url\":\"https:\\\/\\\/wiloutech.com\\\/blog\\\/conditions-dutilisation\\\/\",\"name\":\"Conditions d'utilisation - Wiloutech\",\"isPartOf\":{\"@id\":\"https:\\\/\\\/wiloutech.com\\\/blog\\\/#website\"},\"datePublished\":\"2023-04-13T17:53:46+00:00\",\"dateModified\":\"2024-12-12T06:09:52+00:00\",\"description\":\"Conditions d'utilisationEn acc\u00e9dant au site Web de Wiloutech, vous acceptez de respecter les pr\u00e9sentes conditions d'utilisation, toutes les lois et r\u00e9glementations applicables, et vous acceptez d'\u00eatre responsable du respect de toutes les lois locales applicables.\u00a0Si vous n'acceptez pas l'une de ces conditions, il vous est interdit d'utiliser ou d'acc\u00e9der \u00e0 ce site.\u00a0Les \u00e9l\u00e9ments de ce site sont prot\u00e9g\u00e9s par les lois applicables sur le droit d'auteur et les marques de commerce.\",\"breadcrumb\":{\"@id\":\"https:\\\/\\\/wiloutech.com\\\/blog\\\/conditions-dutilisation\\\/#breadcrumb\"},\"inLanguage\":\"fr-FR\",\"potentialAction\":[{\"@type\":\"ReadAction\",\"target\":[\"https:\\\/\\\/wiloutech.com\\\/blog\\\/conditions-dutilisation\\\/\"]}]},{\"@type\":\"BreadcrumbList\",\"@id\":\"https:\\\/\\\/wiloutech.com\\\/blog\\\/conditions-dutilisation\\\/#breadcrumb\",\"itemListElement\":[{\"@type\":\"ListItem\",\"position\":1,\"name\":\"Accueil\",\"item\":\"https:\\\/\\\/wiloutech.com\\\/blog\\\/\"},{\"@type\":\"ListItem\",\"position\":2,\"name\":\"Conditions d&#8217;utilisation\"}]},{\"@type\":\"WebSite\",\"@id\":\"https:\\\/\\\/wiloutech.com\\\/blog\\\/#website\",\"url\":\"https:\\\/\\\/wiloutech.com\\\/blog\\\/\",\"name\":\"Wiloutech\",\"description\":\"L&#039;\u00e9ducation est la cl\u00e9 de la vie\",\"publisher\":{\"@id\":\"https:\\\/\\\/wiloutech.com\\\/blog\\\/#organization\"},\"potentialAction\":[{\"@type\":\"SearchAction\",\"target\":{\"@type\":\"EntryPoint\",\"urlTemplate\":\"https:\\\/\\\/wiloutech.com\\\/blog\\\/?s={search_term_string}\"},\"query-input\":{\"@type\":\"PropertyValueSpecification\",\"valueRequired\":true,\"valueName\":\"search_term_string\"}}],\"inLanguage\":\"fr-FR\"},{\"@type\":\"Organization\",\"@id\":\"https:\\\/\\\/wiloutech.com\\\/blog\\\/#organization\",\"name\":\"Wiloutech\",\"url\":\"https:\\\/\\\/wiloutech.com\\\/blog\\\/\",\"logo\":{\"@type\":\"ImageObject\",\"inLanguage\":\"fr-FR\",\"@id\":\"https:\\\/\\\/wiloutech.com\\\/blog\\\/#\\\/schema\\\/logo\\\/image\\\/\",\"url\":\"https:\\\/\\\/wiloutech.com\\\/blog\\\/wp-content\\\/uploads\\\/2024\\\/12\\\/logo-wil12.jpg\",\"contentUrl\":\"https:\\\/\\\/wiloutech.com\\\/blog\\\/wp-content\\\/uploads\\\/2024\\\/12\\\/logo-wil12.jpg\",\"width\":250,\"height\":70,\"caption\":\"Wiloutech\"},\"image\":{\"@id\":\"https:\\\/\\\/wiloutech.com\\\/blog\\\/#\\\/schema\\\/logo\\\/image\\\/\"}}]}<\/script>\n<!-- \/ Yoast SEO plugin. -->","yoast_head_json":{"title":"Conditions d'utilisation - Wiloutech","description":"Conditions d'utilisationEn acc\u00e9dant au site Web de Wiloutech, vous acceptez de respecter les pr\u00e9sentes conditions d'utilisation, toutes les lois et r\u00e9glementations applicables, et vous acceptez d'\u00eatre responsable du respect de toutes les lois locales applicables.\u00a0Si vous n'acceptez pas l'une de ces conditions, il vous est interdit d'utiliser ou d'acc\u00e9der \u00e0 ce site.\u00a0Les \u00e9l\u00e9ments de ce site sont prot\u00e9g\u00e9s par les lois applicables sur le droit d'auteur et les marques de commerce.","robots":{"index":"index","follow":"follow","max-snippet":"max-snippet:-1","max-image-preview":"max-image-preview:large","max-video-preview":"max-video-preview:-1"},"canonical":"https:\/\/wiloutech.com\/blog\/conditions-dutilisation\/","og_locale":"fr_FR","og_type":"article","og_title":"Conditions d'utilisation - Wiloutech","og_description":"Conditions d'utilisationEn acc\u00e9dant au site Web de Wiloutech, vous acceptez de respecter les pr\u00e9sentes conditions d'utilisation, toutes les lois et r\u00e9glementations applicables, et vous acceptez d'\u00eatre responsable du respect de toutes les lois locales applicables.\u00a0Si vous n'acceptez pas l'une de ces conditions, il vous est interdit d'utiliser ou d'acc\u00e9der \u00e0 ce site.\u00a0Les \u00e9l\u00e9ments de ce site sont prot\u00e9g\u00e9s par les lois applicables sur le droit d'auteur et les marques de commerce.","og_url":"https:\/\/wiloutech.com\/blog\/conditions-dutilisation\/","og_site_name":"Wiloutech","article_modified_time":"2024-12-12T06:09:52+00:00","twitter_card":"summary_large_image","twitter_misc":{"Dur\u00e9e de lecture estim\u00e9e":"3 minutes"},"schema":{"@context":"https:\/\/schema.org","@graph":[{"@type":"WebPage","@id":"https:\/\/wiloutech.com\/blog\/conditions-dutilisation\/","url":"https:\/\/wiloutech.com\/blog\/conditions-dutilisation\/","name":"Conditions d'utilisation - Wiloutech","isPartOf":{"@id":"https:\/\/wiloutech.com\/blog\/#website"},"datePublished":"2023-04-13T17:53:46+00:00","dateModified":"2024-12-12T06:09:52+00:00","description":"Conditions d'utilisationEn acc\u00e9dant au site Web de Wiloutech, vous acceptez de respecter les pr\u00e9sentes conditions d'utilisation, toutes les lois et r\u00e9glementations applicables, et vous acceptez d'\u00eatre responsable du respect de toutes les lois locales applicables.\u00a0Si vous n'acceptez pas l'une de ces conditions, il vous est interdit d'utiliser ou d'acc\u00e9der \u00e0 ce site.\u00a0Les \u00e9l\u00e9ments de ce site sont prot\u00e9g\u00e9s par les lois applicables sur le droit d'auteur et les marques de commerce.","breadcrumb":{"@id":"https:\/\/wiloutech.com\/blog\/conditions-dutilisation\/#breadcrumb"},"inLanguage":"fr-FR","potentialAction":[{"@type":"ReadAction","target":["https:\/\/wiloutech.com\/blog\/conditions-dutilisation\/"]}]},{"@type":"BreadcrumbList","@id":"https:\/\/wiloutech.com\/blog\/conditions-dutilisation\/#breadcrumb","itemListElement":[{"@type":"ListItem","position":1,"name":"Accueil","item":"https:\/\/wiloutech.com\/blog\/"},{"@type":"ListItem","position":2,"name":"Conditions d&#8217;utilisation"}]},{"@type":"WebSite","@id":"https:\/\/wiloutech.com\/blog\/#website","url":"https:\/\/wiloutech.com\/blog\/","name":"Wiloutech","description":"L&#039;\u00e9ducation est la cl\u00e9 de la vie","publisher":{"@id":"https:\/\/wiloutech.com\/blog\/#organization"},"potentialAction":[{"@type":"SearchAction","target":{"@type":"EntryPoint","urlTemplate":"https:\/\/wiloutech.com\/blog\/?s={search_term_string}"},"query-input":{"@type":"PropertyValueSpecification","valueRequired":true,"valueName":"search_term_string"}}],"inLanguage":"fr-FR"},{"@type":"Organization","@id":"https:\/\/wiloutech.com\/blog\/#organization","name":"Wiloutech","url":"https:\/\/wiloutech.com\/blog\/","logo":{"@type":"ImageObject","inLanguage":"fr-FR","@id":"https:\/\/wiloutech.com\/blog\/#\/schema\/logo\/image\/","url":"https:\/\/wiloutech.com\/blog\/wp-content\/uploads\/2024\/12\/logo-wil12.jpg","contentUrl":"https:\/\/wiloutech.com\/blog\/wp-content\/uploads\/2024\/12\/logo-wil12.jpg","width":250,"height":70,"caption":"Wiloutech"},"image":{"@id":"https:\/\/wiloutech.com\/blog\/#\/schema\/logo\/image\/"}}]}},"_links":{"self":[{"href":"https:\/\/wiloutech.com\/blog\/wp-json\/wp\/v2\/pages\/9","targetHints":{"allow":["GET"]}}],"collection":[{"href":"https:\/\/wiloutech.com\/blog\/wp-json\/wp\/v2\/pages"}],"about":[{"href":"https:\/\/wiloutech.com\/blog\/wp-json\/wp\/v2\/types\/page"}],"author":[{"embeddable":true,"href":"https:\/\/wiloutech.com\/blog\/wp-json\/wp\/v2\/users\/2"}],"replies":[{"embeddable":true,"href":"https:\/\/wiloutech.com\/blog\/wp-json\/wp\/v2\/comments?post=9"}],"version-history":[{"count":5,"href":"https:\/\/wiloutech.com\/blog\/wp-json\/wp\/v2\/pages\/9\/revisions"}],"predecessor-version":[{"id":595,"href":"https:\/\/wiloutech.com\/blog\/wp-json\/wp\/v2\/pages\/9\/revisions\/595"}],"wp:attachment":[{"href":"https:\/\/wiloutech.com\/blog\/wp-json\/wp\/v2\/media?parent=9"}],"curies":[{"name":"wp","href":"https:\/\/api.w.org\/{rel}","templated":true}]}}